{"id":403,"date":"2024-03-26T17:10:17","date_gmt":"2024-03-26T17:10:17","guid":{"rendered":"https:\/\/discursosypoetica.usal.es\/?page_id=403"},"modified":"2024-07-22T17:17:01","modified_gmt":"2024-07-22T17:17:01","slug":"eventos-anteriores","status":"publish","type":"page","link":"https:\/\/discursosypoetica.usal.es\/en\/eventos-anteriores\/","title":{"rendered":"Previous events"},"content":{"rendered":"<p>&nbsp;<\/p>\n<p>A list of past academic events organized under the auspices of this Research Group can be found below:<\/p>\n<ul>\n<li style=\"list-style-type: none;\">\n<ul>\n<li><span style=\"color: #008080;\"><strong><a style=\"color: #008080;\" href=\"https:\/\/discursosypoetica.usal.es\/eventos\/i-ecr-sf-seminar\/\">I Early Researchers\u2019 Seminar for Science and Speculative Fiction: Gendered Geographies across Time<\/a> <\/strong><\/span>(2023), chaired by Paula Barba Guerrero.<\/li>\n<\/ul>\n<\/li>\n<\/ul>\n<ul>\n<li style=\"list-style-type: none;\">\n<ul>\n<li><a href=\"https:\/\/sas.usal.es\/trazando-cuerpos\/\"><strong><span style=\"color: #008080;\">Roundtable: Corporalidades insurgentes: Una conversaci\u00f3n en torno a la representaci\u00f3n del cuerpo desde la edad, discapacidad, raza, migraci\u00f3n, identidad de g\u00e9nero y sexualidad<\/span>\u00a0<\/strong><\/a>(2023), chaired by Carla Abella Rodr\u00edguez.<\/li>\n<\/ul>\n<\/li>\n<\/ul>\n<ul>\n<li style=\"list-style-type: none;\">\n<ul>\n<li><strong><span style=\"color: #008080;\"><a style=\"color: #008080;\" href=\"https:\/\/discursosypoetica.usal.es\/eventos\/hospitality-migration\/\">I International Series on Hospitality and Migration: \u201cHospitalityToday\u201d<\/a> <\/span><\/strong>(2023), chaired by Ana M\u00aa Manzanas Calvo.<\/li>\n<\/ul>\n<\/li>\n<\/ul>\n<ul>\n<li style=\"list-style-type: none;\">\n<ul>\n<li><span style=\"color: #008080;\"><strong><a style=\"color: #008080;\" href=\"http:\/\/saasfelixmartin.usal.es\/\">SAAS F\u00e9lix Mart\u00edn Doctoral Seminar<\/a><\/strong><\/span> (2024), chaired by Paula Barba Guerrero.<\/li>\n<\/ul>\n<\/li>\n<\/ul>\n<ul>\n<li style=\"list-style-type: none;\">\n<ul>\n<li><span style=\"color: #008080;\"><strong>CorpUSAL: I seminario sobre cuerpos y corporalidades de la Universidad de Salamanca<\/strong><\/span> (2024), chaired by Carla Abella Rodr\u00edguez.<\/li>\n<\/ul>\n<\/li>\n<\/ul>\n<p><\/p>","protected":false},"excerpt":{"rendered":"<p>&nbsp; A list of past academic events organized under the auspices of this Research Group can be found below: I Early Researchers\u2019 Seminar for Science and Speculative Fiction: Gendered Geographies across Time (2023), chaired by Paula Barba Guerrero. Roundtable: Corporalidades insurgentes: Una conversaci\u00f3n en torno a la representaci\u00f3n del cuerpo desde la edad, discapacidad, raza, &hellip; <\/p>\n<p class=\"link-more\"><a href=\"https:\/\/discursosypoetica.usal.es\/en\/eventos-anteriores\/\" class=\"more-link\">Continue reading<span class=\"screen-reader-text\"> &#8220;Previous events&#8221;<\/span><\/a><\/p>\n","protected":false},"author":109,"featured_media":0,"parent":0,"menu_order":0,"comment_status":"closed","ping_status":"closed","template":"","meta":{"footnotes":""},"class_list":["post-403","page","type-page","status-publish","hentry"],"aioseo_notices":[],"_links":{"self":[{"href":"https:\/\/discursosypoetica.usal.es\/en\/wp-json\/wp\/v2\/pages\/403","targetHints":{"allow":["GET"]}}],"collection":[{"href":"https:\/\/discursosypoetica.usal.es\/en\/wp-json\/wp\/v2\/pages"}],"about":[{"href":"https:\/\/discursosypoetica.usal.es\/en\/wp-json\/wp\/v2\/types\/page"}],"author":[{"embeddable":true,"href":"https:\/\/discursosypoetica.usal.es\/en\/wp-json\/wp\/v2\/users\/109"}],"replies":[{"embeddable":true,"href":"https:\/\/discursosypoetica.usal.es\/en\/wp-json\/wp\/v2\/comments?post=403"}],"version-history":[{"count":10,"href":"https:\/\/discursosypoetica.usal.es\/en\/wp-json\/wp\/v2\/pages\/403\/revisions"}],"predecessor-version":[{"id":432,"href":"https:\/\/discursosypoetica.usal.es\/en\/wp-json\/wp\/v2\/pages\/403\/revisions\/432"}],"wp:attachment":[{"href":"https:\/\/discursosypoetica.usal.es\/en\/wp-json\/wp\/v2\/media?parent=403"}],"curies":[{"name":"wp","href":"https:\/\/api.w.org\/{rel}","templated":true}]}}